{"id":899,"date":"2025-11-15T19:20:06","date_gmt":"2025-11-15T18:20:06","guid":{"rendered":"https:\/\/www.burger.or.at\/?page_id=899"},"modified":"2025-11-15T19:35:58","modified_gmt":"2025-11-15T18:35:58","slug":"ueber-mich","status":"publish","type":"page","link":"https:\/\/www.burger.or.at\/?page_id=899","title":{"rendered":"\u00dcber mich"},"content":{"rendered":"\n<h2 class=\"wp-block-heading alignwide\" id=\"we-re-a-studio-in-berlin-with-an-international-practice-in-architecture-urban-planning-and-interior-design-we-believe-in-sharing-knowledge-and-promoting-dialogue-to-increase-the-creative-potential-of-collaboration\" style=\"font-size:48px;line-height:1.1\">Ihr verl\u00e4sslicher Partner f\u00fcr EDV und IT-L\u00f6sungen in Mauerbach<\/h2>\n\n\n\n<p><\/p>\n\n\n\n<p>Seit 25 Jahren stehe ich, Wolfgang Burger, Privatkunden und kleinen Unternehmen in Mauerbach, Nieder\u00f6sterreich, Wien und der Region als Ihr pers\u00f6nlicher IT-Spezialist zur Seite. In einer immer komplexeren digitalen Welt ist es mein Ziel, Technologie einfach, sicher und zuverl\u00e4ssig zu machen.<\/p>\n\n\n\n<p><strong>Meine Philosophie: Pers\u00f6nlich, kompetent, vor Ort.<\/strong><\/p>\n\n\n\n<p>Als Einzelunternehmer biete ich den entscheidenden Vorteil der <strong>pers\u00f6nlichen Betreuung<\/strong>. Du sprichst immer direkt mit dem Experten, der das Problem versteht und l\u00f6st. Keine anonymen Hotlines, keine langen Wartezeiten \u2013 sondern schnelle, effiziente Hilfe, die direkt auf deine Bed\u00fcrfnisse zugeschnitten ist.<\/p>\n\n\n\n<ul class=\"wp-block-list\">\n<li><strong>Der Fokus liegt auf dir:<\/strong> Deine IT muss funktionieren. Ich sorge daf\u00fcr, egal ob es um den reibungslosen Betrieb deines Heimnetzwerks, die Sicherheit deiner Daten oder die Optimierung deines Business-Setups geht.<\/li>\n\n\n\n<li><strong>Breites Fachwissen:<\/strong> Von der Einrichtung komplexer Netzwerke \u00fcber Hardware-Reparaturen bis hin zur Server-Wartung: Ich biete umfassende Expertise aus einer Hand.<\/li>\n\n\n\n<li><strong>Dein IT-Wissen aufbauen:<\/strong> Neben dem Reparieren helfe ich dir auch, dich in der digitalen Welt zurechtzufinden. Ich biete <strong>individuelle Schulungen<\/strong> und <strong>Gruppenunterricht<\/strong> an und bereite bei Bedarf auf <strong>Zertifizierungen<\/strong> vor. Das Ziel ist immer, dir die Sicherheit zu geben, deine IT auch selbst besser zu verstehen.<\/li>\n\n\n\n<li><strong>Transparenz und Vertrauen:<\/strong> Du erh\u00e4ltst immer eine ehrliche und verst\u00e4ndliche Beratung ohne unn\u00f6tigen Fachjargon.<\/li>\n<\/ul>\n\n\n\n<blockquote class=\"wp-block-quote is-layout-flow wp-block-quote-is-layout-flow\">\n<p><strong>Mein Versprechen:<\/strong> Die beste L\u00f6sung ist nicht immer die teuerste, sondern die, die f\u00fcr dich am besten funktioniert und dir Sicherheit bietet.<\/p>\n<\/blockquote>\n\n\n\n<hr class=\"wp-block-separator has-alpha-channel-opacity\"\/>\n","protected":false},"excerpt":{"rendered":"<p>Ihr verl\u00e4sslicher Partner f\u00fcr EDV und IT-L\u00f6sungen in Mauerbach Seit 25 Jahren stehe ich, Wolfgang Burger, Privatkunden und kleinen Unternehmen in Mauerbach, Nieder\u00f6sterreich, Wien und der Region als Ihr pers\u00f6nlicher IT-Spezialist zur Seite. In einer immer komplexeren digitalen Welt ist es mein Ziel, Technologie einfach, sicher und zuverl\u00e4ssig zu machen. Meine Philosophie: Pers\u00f6nlich, kompetent, vor [&hellip;]<\/p>\n","protected":false},"author":1,"featured_media":0,"parent":0,"menu_order":0,"comment_status":"closed","ping_status":"closed","template":"","meta":{"footnotes":""},"class_list":["post-899","page","type-page","status-publish","hentry"],"_links":{"self":[{"href":"https:\/\/www.burger.or.at\/index.php?rest_route=\/wp\/v2\/pages\/899","targetHints":{"allow":["GET"]}}],"collection":[{"href":"https:\/\/www.burger.or.at\/index.php?rest_route=\/wp\/v2\/pages"}],"about":[{"href":"https:\/\/www.burger.or.at\/index.php?rest_route=\/wp\/v2\/types\/page"}],"author":[{"embeddable":true,"href":"https:\/\/www.burger.or.at\/index.php?rest_route=\/wp\/v2\/users\/1"}],"replies":[{"embeddable":true,"href":"https:\/\/www.burger.or.at\/index.php?rest_route=%2Fwp%2Fv2%2Fcomments&post=899"}],"version-history":[{"count":3,"href":"https:\/\/www.burger.or.at\/index.php?rest_route=\/wp\/v2\/pages\/899\/revisions"}],"predecessor-version":[{"id":904,"href":"https:\/\/www.burger.or.at\/index.php?rest_route=\/wp\/v2\/pages\/899\/revisions\/904"}],"wp:attachment":[{"href":"https:\/\/www.burger.or.at\/index.php?rest_route=%2Fwp%2Fv2%2Fmedia&parent=899"}],"curies":[{"name":"wp","href":"https:\/\/api.w.org\/{rel}","templated":true}]}}